{"id":3,"date":"2023-08-02T11:46:16","date_gmt":"2023-08-02T11:46:16","guid":{"rendered":"https:\/\/vilagalegest.pt\/?page_id=3"},"modified":"2023-08-03T11:35:38","modified_gmt":"2023-08-03T11:35:38","slug":"politica-privacidade","status":"publish","type":"page","link":"https:\/\/vilagalegest.pt\/index.php\/politica-privacidade\/","title":{"rendered":"Pol\u00edtica de Privacidade"},"content":{"rendered":"\n<p>Todas as informa\u00e7\u00f5es pessoais relativas a clientes, membros ou visitantes do site s\u00e3o tratadas de acordo com o Regulamento Geral de Protec\u00e7\u00e3o de Dados da Uni\u00e3o Europeia. O uso do site pressup\u00f5e a aceita\u00e7\u00e3o desta Pol\u00edtica de Privacidade.&nbsp;<\/p>\n\n\n\n<h2 class=\"wp-block-heading\"><strong>QUEM \u00c9 O RESPONS\u00c1VEL PELOS DADOS PESSOAIS?<\/strong><\/h2>\n\n\n\n<p>Estes termos de prote\u00e7\u00e3o de dados pessoais aplicam-se \u00e0 Vila Gal\u00e9 Gest &#8211; SGOIC, S.A. Para garantir a seguran\u00e7a dos dados tratamos a informa\u00e7\u00e3o de forma confidencial, de acordo com as nossas pol\u00edticas e procedimentos internos de seguran\u00e7a e confidencialidade e n\u00e3o partilhamos os dados pessoais com terceiros para fins comerciais. <\/p>\n\n\n\n<p>A Vila Gal\u00e9 Gest subcontrata apenas entidades que oferecem as medidas t\u00e9cnicas e organizativas adequadas. A Vila Gal\u00e9 Gest regula o objeto, a dura\u00e7\u00e3o do tratamento, a natureza, a finalidade do tratamento, o tipo de dados pessoais, as categorias dos titulares dos dados, os direitos e obriga\u00e7\u00f5es das partes e recorre a terceiros para o envio de e-mails.<\/p>\n\n\n\n<h2 class=\"wp-block-heading\"><strong>PARA QUE FINS OS SEUS DADOS PESSOAIS S\u00c3O UTILIZADOS<\/strong>?<\/h2>\n\n\n\n<p>A Vila Gal\u00e9 Gest utiliza a informa\u00e7\u00e3o recolhida no \u00e2mbito da sua actividade e dos fundos por si geridos, nomeadamente, para proceder \u00e0 gest\u00e3o de clientes, cumprimento de obriga\u00e7\u00f5es legais e gest\u00e3o de pedidos de informa\u00e7\u00e3o.<\/p>\n\n\n\n<p>O fundamento de legitimidade que permite \u00e0 Vila Gal\u00e9 Gest tratar os dados dos utilizadores s\u00e3o, o acesso e a navega\u00e7\u00e3o volunt\u00e1rios dos visitantes, o cumprimento de obriga\u00e7\u00f5es legais, quando a ela haja lugar, a celebra\u00e7\u00e3o de contratos, e no caso de o titular consentir ou ser de aplica\u00e7\u00e3o o interesse leg\u00edtimo, o envio de informa\u00e7\u00e3o.<\/p>\n\n\n\n<h2 class=\"wp-block-heading\"><strong>QUEM PODE CONTACTAR PARA ACEDER, RETIFICAR OU APAGAR OS DADOS?<\/strong><\/h2>\n\n\n\n<p>Os titulares dos dados pessoais podem a qualquer momento rever, atualizar e decidir que tipo de dados pretendem ver guardados sendo garantido o direito de confirma\u00e7\u00e3o da exist\u00eancia de tratamento, de acesso aos dados e de corre\u00e7\u00e3o de dados incompletos, inexatos ou desatualizados, o direito \u00e0 anonimiza\u00e7\u00e3o, bloqueio ou elimina\u00e7\u00e3o de dados desnecess\u00e1rios, excessivos ou tratados em desconformidade com o disposto na Lei, o direito \u00e0 portabilidade dos dados a outro fornecedor de servi\u00e7o ou produto, mediante requisi\u00e7\u00e3o expressa, de acordo com a regulamenta\u00e7\u00e3o da autoridade nacional, observados os segredos comercial e industrial, o direito \u00e0&nbsp; elimina\u00e7\u00e3o dos dados pessoais tratados com o consentimento do titular, exceto nas hip\u00f3teses previstas na Lei, o direito \u00e0 informa\u00e7\u00e3o das entidades p\u00fablicas e privadas com as quais o controlador realizou uso compartilhado de dados, o direito \u00e0 informa\u00e7\u00e3o sobre a possibilidade de n\u00e3o fornecer consentimento e sobre as consequ\u00eancias e o direito \u00e0 revoga\u00e7\u00e3o do consentimento.<\/p>\n\n\n\n<p>O Encarregado de Protec\u00e7\u00e3o de Dados pode ser contactado directamente atrav\u00e9s do e-mail&nbsp;<a href=\"mailto:dpo@vilagale.com\">dpo@vilagale.com<\/a>&nbsp;a quem poder\u00e1 solicitar a qualquer momento o exerc\u00edcio destes direitos.&nbsp;<\/p>\n\n\n\n<h2 class=\"wp-block-heading\"><strong>POR QUANTO TEMPO S\u00c3O OS DADOS ARMAZENADOS?<\/strong><\/h2>\n\n\n\n<p>Os dados pessoais s\u00e3o mantidos at\u00e9 se esgotar o fim a que se destinam.<\/p>\n\n\n\n<p>O titular dos dados pode apresentar reclama\u00e7\u00e3o \u00e0 autoridade de controlo.<\/p>\n\n\n\n<h2 class=\"wp-block-heading\"><strong>DIREITOS DE PROPRIEDADE INTELECTUAL&nbsp;<\/strong><\/h2>\n\n\n\n<p>Todos conte\u00fados presentes neste site (textos, imagens e v\u00eddeos) t\u00eam a sua utiliza\u00e7\u00e3o autorizada e est\u00e3o protegidos pelo C\u00f3digo do Direito de Autor e dos Direitos Conexos.&nbsp;<\/p>\n","protected":false},"excerpt":{"rendered":"<p>Todas as informa\u00e7\u00f5es pessoais relativas a clientes, membros ou visitantes do site s\u00e3o tratadas de acordo com o Regulamento Geral de Protec\u00e7\u00e3o de Dados da Uni\u00e3o Europeia. O uso do site pressup\u00f5e a aceita\u00e7\u00e3o desta Pol\u00edtica de Privacidade.&nbsp; QUEM \u00c9 O RESPONS\u00c1VEL PELOS DADOS PESSOAIS? Estes termos de prote\u00e7\u00e3o de dados pessoais aplicam-se \u00e0 Vila [&hellip;]<\/p>\n","protected":false},"author":1,"featured_media":0,"parent":0,"menu_order":0,"comment_status":"closed","ping_status":"closed","template":"","meta":[],"_links":{"self":[{"href":"https:\/\/vilagalegest.pt\/index.php\/wp-json\/wp\/v2\/pages\/3"}],"collection":[{"href":"https:\/\/vilagalegest.pt\/index.php\/wp-json\/wp\/v2\/pages"}],"about":[{"href":"https:\/\/vilagalegest.pt\/index.php\/wp-json\/wp\/v2\/types\/page"}],"author":[{"embeddable":true,"href":"https:\/\/vilagalegest.pt\/index.php\/wp-json\/wp\/v2\/users\/1"}],"replies":[{"embeddable":true,"href":"https:\/\/vilagalegest.pt\/index.php\/wp-json\/wp\/v2\/comments?post=3"}],"version-history":[{"count":3,"href":"https:\/\/vilagalegest.pt\/index.php\/wp-json\/wp\/v2\/pages\/3\/revisions"}],"predecessor-version":[{"id":60,"href":"https:\/\/vilagalegest.pt\/index.php\/wp-json\/wp\/v2\/pages\/3\/revisions\/60"}],"wp:attachment":[{"href":"https:\/\/vilagalegest.pt\/index.php\/wp-json\/wp\/v2\/media?parent=3"}],"curies":[{"name":"wp","href":"https:\/\/api.w.org\/{rel}","templated":true}]}}